{"id":1941,"date":"2023-01-24T22:41:34","date_gmt":"2023-01-24T22:41:34","guid":{"rendered":"https:\/\/evolutiontravel.community\/esp\/lp\/?page_id=1941"},"modified":"2023-05-10T09:58:09","modified_gmt":"2023-05-10T09:58:09","slug":"video-case-study","status":"publish","type":"page","link":"https:\/\/evolutiontravel.community\/esp\/lp\/video-case-study\/","title":{"rendered":"Video Case Study"},"content":{"rendered":"\t\t<div data-elementor-type=\"wp-page\" data-elementor-id=\"1941\" class=\"elementor elementor-1941\" data-elementor-post-type=\"page\">\n\t\t\t\t\t\t<section class=\"elementor-section elementor-top-section elementor-element elementor-element-4e3316e elementor-section-boxed elementor-section-height-default elementor-section-height-default\" data-id=\"4e3316e\" data-element_type=\"section\">\n\t\t\t\t\t\t<div class=\"elementor-container elementor-column-gap-default\">\n\t\t\t\t\t<div class=\"elementor-column elementor-col-100 elementor-top-column elementor-element elementor-element-fa32512\" data-id=\"fa32512\" data-element_type=\"column\">\n\t\t\t<div class=\"elementor-widget-wrap elementor-element-populated\">\n\t\t\t\t\t\t<div class=\"elementor-element elementor-element-1ac0d83 elementor-widget elementor-widget-image\" data-id=\"1ac0d83\" data-element_type=\"widget\" data-widget_type=\"image.default\">\n\t\t\t\t<div class=\"elementor-widget-container\">\n\t\t\t\t\t\t\t\t\t\t\t\t\t\t\t<img decoding=\"async\" src=\"https:\/\/evolutiontravel.community\/esp\/lp\/wp-content\/uploads\/elementor\/thumbs\/Logo-Evolution-Travel-pmv2w94tosp7x5pidcwxj3ca3ig0nnkpfota4vqs5c.png\" title=\"Logo-Evolution-Travel.png\" alt=\"Logo-Evolution-Travel.png\" loading=\"lazy\" \/>\t\t\t\t\t\t\t\t\t\t\t\t\t\t\t<\/div>\n\t\t\t\t<\/div>\n\t\t\t\t\t<\/div>\n\t\t<\/div>\n\t\t\t\t\t<\/div>\n\t\t<\/section>\n\t\t\t\t<section class=\"elementor-section elementor-top-section elementor-element elementor-element-19bc0f94 bg-primary-3 text-light elementor-section-boxed elementor-section-height-default elementor-section-height-default\" data-id=\"19bc0f94\" data-element_type=\"section\" data-settings=\"{&quot;background_background&quot;:&quot;classic&quot;}\">\n\t\t\t\t\t\t<div class=\"elementor-container elementor-column-gap-default\">\n\t\t\t\t\t<div class=\"elementor-column elementor-col-100 elementor-top-column elementor-element elementor-element-399a6af2\" data-id=\"399a6af2\" data-element_type=\"column\">\n\t\t\t<div class=\"elementor-widget-wrap elementor-element-populated\">\n\t\t\t\t\t\t<section class=\"elementor-section elementor-inner-section elementor-element elementor-element-7cb11102 elementor-section-boxed elementor-section-height-default elementor-section-height-default\" data-id=\"7cb11102\" data-element_type=\"section\">\n\t\t\t\t\t\t<div class=\"elementor-container elementor-column-gap-default\">\n\t\t\t\t\t<div class=\"elementor-column elementor-col-33 elementor-inner-column elementor-element elementor-element-6f6eaf84\" data-id=\"6f6eaf84\" data-element_type=\"column\">\n\t\t\t<div class=\"elementor-widget-wrap\">\n\t\t\t\t\t\t\t<\/div>\n\t\t<\/div>\n\t\t\t\t<div class=\"elementor-column elementor-col-33 elementor-inner-column elementor-element elementor-element-2cf1e39b\" data-id=\"2cf1e39b\" data-element_type=\"column\">\n\t\t\t<div class=\"elementor-widget-wrap elementor-element-populated\">\n\t\t\t\t\t\t<div class=\"elementor-element elementor-element-521dc44b elementor-widget elementor-widget-text-editor\" data-id=\"521dc44b\" data-element_type=\"widget\" data-widget_type=\"text-editor.default\">\n\t\t\t\t<div class=\"elementor-widget-container\">\n\t\t\t\t\t\t\t\t\tATENCI\u00d3N: NO CIERRE ESTA VENTANA O EL VIDEO GRATUITO TERMINAR\u00c1\n\t\t\t\t\t\t\t\t<\/div>\n\t\t\t\t<\/div>\n\t\t\t\t<div class=\"elementor-element elementor-element-646479e elementor-hidden-mobile elementor-widget elementor-widget-text-editor\" data-id=\"646479e\" data-element_type=\"widget\" data-widget_type=\"text-editor.default\">\n\t\t\t\t<div class=\"elementor-widget-container\">\n\t\t\t\t\t\t\t\t\tTRANSFORMA TU PASI\u00d3N POR LOS VIAJES EN UNA ACTIVIDAD GRACIAS A ESTA NUEVA FIGURA PROFESIONAL Y EMPIEZA A DISFRUTAR DEL TRABAJO DE TUS SUE\u00d1OS.\t\t\t\t\t\t\t\t<\/div>\n\t\t\t\t<\/div>\n\t\t\t\t<div class=\"elementor-element elementor-element-21213f0 elementor-hidden-desktop elementor-hidden-tablet elementor-widget elementor-widget-text-editor\" data-id=\"21213f0\" data-element_type=\"widget\" data-widget_type=\"text-editor.default\">\n\t\t\t\t<div class=\"elementor-widget-container\">\n\t\t\t\t\t\t\t\t\tTRANSFORMA TU PASI\u00d3N POR LOS VIAJES EN UNA ACTIVIDAD GRACIAS A ESTA NUEVA FIGURA PROFESIONAL Y EMPIEZA A DISFRUTAR DEL TRABAJO DE TUS SUE\u00d1OS.\t\t\t\t\t\t\t\t<\/div>\n\t\t\t\t<\/div>\n\t\t\t\t<div class=\"elementor-element elementor-element-d4292a2 elementor-hidden-mobile elementor-widget elementor-widget-heading\" data-id=\"d4292a2\" data-element_type=\"widget\" data-widget_type=\"heading.default\">\n\t\t\t\t<div class=\"elementor-widget-container\">\n\t\t\t\t\t<h2 class=\"elementor-heading-title elementor-size-default\">RELATO: El m\u00e9todo paso a paso utilizado por m\u00e1s de 800 personas para realizar una actividad en el sector de los viajes, generando ingresos de hasta 5.000\u20ac\/mes.<\/h2>\t\t\t\t<\/div>\n\t\t\t\t<\/div>\n\t\t\t\t<div class=\"elementor-element elementor-element-1092c64 elementor-hidden-desktop elementor-hidden-tablet elementor-widget elementor-widget-heading\" data-id=\"1092c64\" data-element_type=\"widget\" data-widget_type=\"heading.default\">\n\t\t\t\t<div class=\"elementor-widget-container\">\n\t\t\t\t\t<h2 class=\"elementor-heading-title elementor-size-default\">RELATO: El m\u00e9todo paso a paso utilizado por m\u00e1s de 800 personas para realizar una actividad en el sector de los viajes, generando ingresos de hasta 5.000\u20ac\/mes.<\/h2>\t\t\t\t<\/div>\n\t\t\t\t<\/div>\n\t\t\t\t<div class=\"elementor-element elementor-element-39cd6f7 elementor-widget__width-initial popupcasestudy elementor-widget elementor-widget-video\" data-id=\"39cd6f7\" data-element_type=\"widget\" id=\"popupcasestudy\" data-settings=\"{&quot;video_type&quot;:&quot;vimeo&quot;}\" data-widget_type=\"video.default\">\n\t\t\t\t<div class=\"elementor-widget-container\">\n\t\t\t\t\t\t\t<div class=\"elementor-wrapper elementor-open-inline\">\n\t\t\t<iframe class=\"elementor-video-iframe\" allowfullscreen allow=\"clipboard-write\" title=\"Reproductor de v\u00eddeo vimeo\" src=\"https:\/\/player.vimeo.com\/video\/825374399?color&amp;autopause=0&amp;loop=0&amp;muted=0&amp;title=1&amp;portrait=1&amp;byline=1#t=\"><\/iframe>\t\t<\/div>\n\t\t\t\t\t\t<\/div>\n\t\t\t\t<\/div>\n\t\t\t\t<div class=\"elementor-element elementor-element-4983bf61 elementor-widget elementor-widget-spacer\" data-id=\"4983bf61\" data-element_type=\"widget\" data-widget_type=\"spacer.default\">\n\t\t\t\t<div class=\"elementor-widget-container\">\n\t\t\t\t\t\t\t<div class=\"elementor-spacer\">\n\t\t\t<div class=\"elementor-spacer-inner\"><\/div>\n\t\t<\/div>\n\t\t\t\t\t\t<\/div>\n\t\t\t\t<\/div>\n\t\t\t\t\t<\/div>\n\t\t<\/div>\n\t\t\t\t<div class=\"elementor-column elementor-col-33 elementor-inner-column elementor-element elementor-element-1fc80bef\" data-id=\"1fc80bef\" data-element_type=\"column\">\n\t\t\t<div class=\"elementor-widget-wrap\">\n\t\t\t\t\t\t\t<\/div>\n\t\t<\/div>\n\t\t\t\t\t<\/div>\n\t\t<\/section>\n\t\t\t\t<div class=\"elementor-element elementor-element-38199c05 elementor-align-center elementor-widget elementor-widget-button\" data-id=\"38199c05\" data-element_type=\"widget\" data-widget_type=\"button.default\">\n\t\t\t\t<div class=\"elementor-widget-container\">\n\t\t\t\t\t\t\t\t\t<div class=\"elementor-button-wrapper\">\n\t\t\t\t\t<a class=\"elementor-button elementor-button-link elementor-size-xl\" href=\"https:\/\/evolutiontravel.community\/esp\/lp\/videocurso-consultor-de-viajes-online\/\">\n\t\t\t\t\t\t<span class=\"elementor-button-content-wrapper\">\n\t\t\t\t\t\t\t\t\t<span class=\"elementor-button-text\">SI, QUIERO EMPEZAR AHORA. <BR> Reciba una oferta reservada de 27\u20ac.<\/span>\n\t\t\t\t\t<\/span>\n\t\t\t\t\t<\/a>\n\t\t\t\t<\/div>\n\t\t\t\t\t\t\t\t<\/div>\n\t\t\t\t<\/div>\n\t\t\t\t<div class=\"elementor-element elementor-element-68ac2cd elementor-widget elementor-widget-image\" data-id=\"68ac2cd\" data-element_type=\"widget\" data-widget_type=\"image.default\">\n\t\t\t\t<div class=\"elementor-widget-container\">\n\t\t\t\t\t\t\t\t\t\t\t\t\t\t\t<img decoding=\"async\" src=\"https:\/\/evolutiontravel.community\/esp\/lp\/wp-content\/uploads\/elementor\/thumbs\/200-2008522_transparent-sparkels-png-trustpilot-5-star-vector-png-q15kyq40cy2iqc4i8cg7gmpq9n6eypravtrypttbeo.png\" title=\"\" alt=\"\" loading=\"lazy\" \/>\t\t\t\t\t\t\t\t\t\t\t\t\t\t\t<\/div>\n\t\t\t\t<\/div>\n\t\t\t\t<div class=\"elementor-element elementor-element-4330efd elementor-widget elementor-widget-text-editor\" data-id=\"4330efd\" data-element_type=\"widget\" data-widget_type=\"text-editor.default\">\n\t\t\t\t<div class=\"elementor-widget-container\">\n\t\t\t\t\t\t\t\t\t<p>Excelente: Opiniones +1209<\/p>\t\t\t\t\t\t\t\t<\/div>\n\t\t\t\t<\/div>\n\t\t\t\t<div class=\"elementor-element elementor-element-657dc2f elementor-widget elementor-widget-image\" data-id=\"657dc2f\" data-element_type=\"widget\" data-widget_type=\"image.default\">\n\t\t\t\t<div class=\"elementor-widget-container\">\n\t\t\t\t\t\t\t\t\t\t\t\t\t\t\t<img decoding=\"async\" src=\"https:\/\/evolutiontravel.community\/esp\/lp\/wp-content\/uploads\/elementor\/thumbs\/Giornali-ES-Black-q15kuuzw9gsakl5katmmrmvm3c91ow1rkw23n2k45c.png\" title=\"\" alt=\"\" loading=\"lazy\" \/>\t\t\t\t\t\t\t\t\t\t\t\t\t\t\t<\/div>\n\t\t\t\t<\/div>\n\t\t\t\t<div class=\"elementor-element elementor-element-7d02a7f elementor-widget elementor-widget-spacer\" data-id=\"7d02a7f\" data-element_type=\"widget\" data-widget_type=\"spacer.default\">\n\t\t\t\t<div class=\"elementor-widget-container\">\n\t\t\t\t\t\t\t<div class=\"elementor-spacer\">\n\t\t\t<div class=\"elementor-spacer-inner\"><\/div>\n\t\t<\/div>\n\t\t\t\t\t\t<\/div>\n\t\t\t\t<\/div>\n\t\t\t\t\t<\/div>\n\t\t<\/div>\n\t\t\t\t\t<\/div>\n\t\t<\/section>\n\t\t\t\t<section class=\"elementor-section elementor-top-section elementor-element elementor-element-1eb8387f elementor-section-boxed elementor-section-height-default elementor-section-height-default\" data-id=\"1eb8387f\" data-element_type=\"section\" data-settings=\"{&quot;background_background&quot;:&quot;classic&quot;}\">\n\t\t\t\t\t\t<div class=\"elementor-container elementor-column-gap-default\">\n\t\t\t\t\t<div class=\"elementor-column elementor-col-50 elementor-top-column elementor-element elementor-element-6ef7f43e\" data-id=\"6ef7f43e\" data-element_type=\"column\">\n\t\t\t<div class=\"elementor-widget-wrap elementor-element-populated\">\n\t\t\t\t\t\t<div class=\"elementor-element elementor-element-e93510e elementor-widget elementor-widget-image\" data-id=\"e93510e\" data-element_type=\"widget\" data-widget_type=\"image.default\">\n\t\t\t\t<div class=\"elementor-widget-container\">\n\t\t\t\t\t\t\t\t\t\t\t\t\t\t\t<img decoding=\"async\" src=\"https:\/\/evolutiontravel.community\/esp\/lp\/wp-content\/uploads\/elementor\/thumbs\/Logo-Evolution-Travel-pmv2w94tosp8xzkq35ujyg4s47d87y69kd368j2j28.png\" title=\"Logo-Evolution-Travel.png\" alt=\"Logo-Evolution-Travel.png\" loading=\"lazy\" \/>\t\t\t\t\t\t\t\t\t\t\t\t\t\t\t<\/div>\n\t\t\t\t<\/div>\n\t\t\t\t\t<\/div>\n\t\t<\/div>\n\t\t\t\t<div class=\"elementor-column elementor-col-50 elementor-top-column elementor-element elementor-element-15ef008a\" data-id=\"15ef008a\" data-element_type=\"column\">\n\t\t\t<div class=\"elementor-widget-wrap elementor-element-populated\">\n\t\t\t\t\t\t<div class=\"elementor-element elementor-element-1458a256 elementor-widget elementor-widget-heading\" data-id=\"1458a256\" data-element_type=\"widget\" data-widget_type=\"heading.default\">\n\t\t\t\t<div class=\"elementor-widget-container\">\n\t\t\t\t\t<h2 class=\"elementor-heading-title elementor-size-default\">Copyright \u00a9 2023 Evolution Travel Network Ltd <br>\nTrading Address: 34 Lime Street, London, EC3M 7AT  <br>\nRegistered address: 37 Warren Street, London, W1T 6AD \u2013 VAT number: GB986446857<\/h2>\t\t\t\t<\/div>\n\t\t\t\t<\/div>\n\t\t\t\t\t<\/div>\n\t\t<\/div>\n\t\t\t\t\t<\/div>\n\t\t<\/section>\n\t\t\t\t<\/div>\n\t\t","protected":false},"excerpt":{"rendered":"<p>ATENCI\u00d3N: NO CIERRE ESTA VENTANA O EL VIDEO GRATUITO TERMINAR\u00c1 TRANSFORMA TU PASI\u00d3N POR LOS VIAJES EN UNA ACTIVIDAD GRACIAS A ESTA NUEVA FIGURA PROFESIONAL Y EMPIEZA A DISFRUTAR DEL TRABAJO DE TUS SUE\u00d1OS.TRANSFORMA TU PASI\u00d3N POR LOS VIAJES EN UNA ACTIVIDAD GRACIAS A ESTA NUEVA FIGURA PROFESIONAL Y EMPIEZA A DISFRUTAR DEL TRABAJO DE [&hellip;]<\/p>\n","protected":false},"author":5,"featured_media":0,"parent":0,"menu_order":0,"comment_status":"closed","ping_status":"closed","template":"elementor_canvas","meta":{"_mo_disable_npp":"","footnotes":""},"class_list":["post-1941","page","type-page","status-publish","hentry"],"_links":{"self":[{"href":"https:\/\/evolutiontravel.community\/esp\/lp\/wp-json\/wp\/v2\/pages\/1941","targetHints":{"allow":["GET"]}}],"collection":[{"href":"https:\/\/evolutiontravel.community\/esp\/lp\/wp-json\/wp\/v2\/pages"}],"about":[{"href":"https:\/\/evolutiontravel.community\/esp\/lp\/wp-json\/wp\/v2\/types\/page"}],"author":[{"embeddable":true,"href":"https:\/\/evolutiontravel.community\/esp\/lp\/wp-json\/wp\/v2\/users\/5"}],"replies":[{"embeddable":true,"href":"https:\/\/evolutiontravel.community\/esp\/lp\/wp-json\/wp\/v2\/comments?post=1941"}],"version-history":[{"count":73,"href":"https:\/\/evolutiontravel.community\/esp\/lp\/wp-json\/wp\/v2\/pages\/1941\/revisions"}],"predecessor-version":[{"id":2348,"href":"https:\/\/evolutiontravel.community\/esp\/lp\/wp-json\/wp\/v2\/pages\/1941\/revisions\/2348"}],"wp:attachment":[{"href":"https:\/\/evolutiontravel.community\/esp\/lp\/wp-json\/wp\/v2\/media?parent=1941"}],"curies":[{"name":"wp","href":"https:\/\/api.w.org\/{rel}","templated":true}]}}